{"id":2,"date":"2011-04-07T06:31:07","date_gmt":"2011-04-07T06:31:07","guid":{"rendered":"http:\/\/waldesleuchten.de\/?page_id=2"},"modified":"2015-03-07T14:21:16","modified_gmt":"2015-03-07T14:21:16","slug":"beispiel-seite","status":"publish","type":"page","link":"https:\/\/waldesleuchten.de\/?page_id=2","title":{"rendered":"\u00dcber dieses Blog"},"content":{"rendered":"<p><div id=\"attachment_535\" style=\"width: 110px\" class=\"wp-caption alignright\"><a href=\"https:\/\/waldesleuchten.de\/wp-content\/uploads\/2011\/04\/isa_grau.jpg\"><img aria-describedby=\"caption-attachment-535\" decoding=\"async\" loading=\"lazy\" src=\"https:\/\/waldesleuchten.de\/wp-content\/uploads\/2011\/04\/isa_grau.jpg\" alt=\"\" title=\"Isa\" width=\"100\" height=\"120\" class=\"size-full wp-image-535\" \/><\/a><p id=\"caption-attachment-535\" class=\"wp-caption-text\">Die Autorin<\/p><\/div><br \/>\n<font face=\"Arial,Helvetica,Geneva,Swiss,SunSans-Regular\" size=\"2\"><br \/>\n&#8222;Licht&#8220; ist f\u00fcr mich Licht, das durch Wolken bricht. Vielleicht hat der eine oder andere hier auch schon oft die Lichtspiele beobachtet, die sich ergeben, wenn Wolken ziehen und an einer Stelle pl\u00f6tzlich und unverhofft eine L\u00fccke entsteht, durch die ein Lichtb\u00fcndel auf die Erde f\u00e4llt und diese wie ein \u00fcberdimensionierter Scheinwerfer abtastet. Die Bewegung und der Kontrast sind unglaublich abwechslungsreich und k\u00f6nnen von Menschen nicht mit derselben Faszinationskraft nachgeahmt werden. Formen, Figuren, Intensit\u00e4ten wechseln; bei Sonnenauf- oder Untergang kommt eine Farbenkraft hinzu, die, vom Menschen erzeugt, als kitschig empfunden w\u00fcrde und hier nun echt und wahr vor Augen steht. Stunden k\u00f6nnte ich damit zubringen, diese Lichtwandel zu beobachten, und gleichzeitig geht eine Anziehungskraft davon aus, die eine Sehnsucht nach Unendlichkeit, nach dem Horizont erweckt und die in ihrer Unerf\u00fcllbarkeit beinahe schmerzt.<br \/>\nDie k\u00fcnstliche verinnerlichte Trennung von Natur und Mensch wird zun\u00e4chst klar und \u00fcberdeutlich, dann \u00fcberwunden und gleitet \u00fcber in ein Mitschwingen, in eine Harmonie mit jener immateriellen Kraft der Natur, die vermutlich von Menschen in weniger technisierten Zeitaltern wesentlich intensiver empfunden wurde. Aber es ist noch heute m\u00f6glich, sie zu finden &#8211; wenn man die eigene Seele nicht davor verschlie\u00dft.<\/p>\n<p>\u00c4hnlich steht es mit dem Begriff &#8222;Wald&#8220;. Hier ist es weniger die Sehnsucht nach Unendlichkeit, nach Einswerden mit dem Himmel und seiner Leuchtkraft, als die tiefe Empfindung von Beheimatetsein, Stille. Beim Betreten eines Waldes (nicht einer Baummonokultur, sondern eines Waldes, der diesen Namen noch verdient) wird man von einer samtenen Ruhe umgeben, die alle Alltagsprobleme so klein und l\u00f6sbar macht, so gro\u00df sie zuvor auch gewirkt haben m\u00f6gen. Die abwechselnden Gr\u00fcnt\u00f6ne, die leisen Strophen der V\u00f6gel, eine leichte Windbewegung in \u00c4sten und Bl\u00e4ttern, die Strahlkraft der Sonne durch ein dichtes Bl\u00e4tterdach, die bei l\u00e4ngerer Betrachtung das Empfinden eines Sternenhimmels erzeugt, und die immer ein wenig feucht und daher frische und erfrischende Luft bilden in ihrer Kombination einen R\u00fcckzugsort vor der Hektik der Zeit, dicke Baumst\u00e4mme mit rauer Borke tragen Momente und Augenblicke der Konstanz in unser von Wandel, allzu schnellem Wandel gepr\u00e4gtes Leben.<\/p>\n<p>Beide Begriffe sind daher Kraftspender vor allem an jenen Stunden und Tagen, an den die Welt f\u00fcr mich wie in dunkel getaucht erscheint und s\u00e4mtliche Probleme unserer Zeit sich zusammenballen, nicht mehr verdr\u00e4ngen lassen. Die menschliche Unvollkommenheit, mangelnde Handlungsf\u00e4higkeit und Konsequenz scheint dann wie mit Leuchtschrift an eine schwarze Tafel geschrieben, jegliche Hoffnung begraben, Zweifel an allem, sowohl an pers\u00f6nlicher Umwelt als auch an der menschlichen Gesellschaft im allgemeinen tauchen auf und wachsen ins Unermessliche.<br \/>\nDann wecken &#8222;Wald und Licht&#8220; wieder fast versch\u00fcttete Hoffnungsfunken und spenden Trost &#8211; auch wenn damit noch lange nichts ge\u00e4ndert ist&#8230;<\/p>\n","protected":false},"excerpt":{"rendered":"<p>&#8222;Licht&#8220; ist f\u00fcr mich Licht, das durch Wolken bricht. Vielleicht hat der eine oder andere hier auch schon oft die Lichtspiele beobachtet, die sich ergeben, wenn Wolken ziehen und an einer Stelle pl\u00f6tzlich und unverhofft eine L\u00fccke entsteht, durch die &hellip; <a href=\"https:\/\/waldesleuchten.de\/?page_id=2\">Weiterlesen <span class=\"meta-nav\">&rarr;<\/span><\/a><\/p>\n","protected":false},"author":1,"featured_media":150,"parent":0,"menu_order":0,"comment_status":"closed","ping_status":"closed","template":"","meta":{"footnotes":""},"_links":{"self":[{"href":"https:\/\/waldesleuchten.de\/index.php?rest_route=\/wp\/v2\/pages\/2"}],"collection":[{"href":"https:\/\/waldesleuchten.de\/index.php?rest_route=\/wp\/v2\/pages"}],"about":[{"href":"https:\/\/waldesleuchten.de\/index.php?rest_route=\/wp\/v2\/types\/page"}],"author":[{"embeddable":true,"href":"https:\/\/waldesleuchten.de\/index.php?rest_route=\/wp\/v2\/users\/1"}],"replies":[{"embeddable":true,"href":"https:\/\/waldesleuchten.de\/index.php?rest_route=%2Fwp%2Fv2%2Fcomments&post=2"}],"version-history":[{"count":13,"href":"https:\/\/waldesleuchten.de\/index.php?rest_route=\/wp\/v2\/pages\/2\/revisions"}],"predecessor-version":[{"id":3994,"href":"https:\/\/waldesleuchten.de\/index.php?rest_route=\/wp\/v2\/pages\/2\/revisions\/3994"}],"wp:featuredmedia":[{"embeddable":true,"href":"https:\/\/waldesleuchten.de\/index.php?rest_route=\/wp\/v2\/media\/150"}],"wp:attachment":[{"href":"https:\/\/waldesleuchten.de\/index.php?rest_route=%2Fwp%2Fv2%2Fmedia&parent=2"}],"curies":[{"name":"wp","href":"https:\/\/api.w.org\/{rel}","templated":true}]}}